{"id":381,"date":"2025-06-25T11:59:08","date_gmt":"2025-06-25T09:59:08","guid":{"rendered":"https:\/\/redelmont.com\/web\/?page_id=381"},"modified":"2025-06-25T11:59:08","modified_gmt":"2025-06-25T09:59:08","slug":"privacy-policy","status":"publish","type":"page","link":"https:\/\/redelmont.com\/web\/en\/privacy-policy\/","title":{"rendered":"Privacy Policy"},"content":{"rendered":"<p>[et_pb_section fb_built=\u00bb1&#8243; admin_label=\u00bbsection\u00bb _builder_version=\u00bb4.16&#8243; global_colors_info=\u00bb{}\u00bb][et_pb_row admin_label=\u00bbrow\u00bb _builder_version=\u00bb4.16&#8243; background_size=\u00bbinitial\u00bb background_position=\u00bbtop_left\u00bb background_repeat=\u00bbrepeat\u00bb global_colors_info=\u00bb{}\u00bb][et_pb_column type=\u00bb4_4&#8243; _builder_version=\u00bb4.16&#8243; custom_padding=\u00bb|||\u00bb global_colors_info=\u00bb{}\u00bb custom_padding__hover=\u00bb|||\u00bb][et_pb_code _builder_version=\u00bb4.27.4&#8243; _module_preset=\u00bbdefault\u00bb hover_enabled=\u00bb0&#8243; global_colors_info=\u00bb{}\u00bb sticky_enabled=\u00bb0&#8243;]<\/p>\n<h2>Privacy Policy<\/h2>\n<p><!-- [et_pb_line_break_holder] --><!-- [et_pb_line_break_holder] --><pee>The Owner informs you of its Privacy Policy regarding the processing and protection of the personal data of users that may be collected while browsing the website: <a href=\"https:\/\/redelmont.com\/web\">https:\/\/redelmont.com\/web<\/a><\/pee><!-- [et_pb_line_break_holder] --><!-- [et_pb_line_break_holder] --><pee>In this regard, the Owner guarantees compliance with current regulations on the protection of personal data, as reflected in Organic Law 3\/2018, of December 5, on Personal Data Protection and Guarantee of Digital Rights (LOPD GDD). It also complies with Regulation (EU) 2016\/679 of the European Parliament and of the Council of April 27, 2016 on the protection of individuals (GDPR).<\/pee><!-- [et_pb_line_break_holder] --><!-- [et_pb_line_break_holder] --><pee>Use of the Website implies acceptance of this Privacy Policy as well as the conditions included in the Legal Notice.<\/pee><!-- [et_pb_line_break_holder] --><!-- [et_pb_line_break_holder] --><\/p>\n<h3>Identity of the Data Controller<\/h3>\n<p><!-- [et_pb_line_break_holder] --><pee><!-- [et_pb_line_break_holder] --><strong>Controller:<\/strong> Industrias Motegui, S.L.<!\u2013- [et_pb_br_holder] -\u2013><!-- [et_pb_line_break_holder] --><strong>Tax ID (NIF):<\/strong> B98756653<!\u2013- [et_pb_br_holder] -\u2013><!-- [et_pb_line_break_holder] -->Registered in the Mercantile Registry of Valencia, Volume 9999, Book 180, Section \u2013, Page \u2013, Sheet V-166599, Entry 1.<!\u2013- [et_pb_br_holder] -\u2013><!-- [et_pb_line_break_holder] --><strong>Address:<\/strong> Camino al Mar, 7 P.I. Number 3, ZIP 46120 Alboraya, Valencia &#8211; Spain.<!\u2013- [et_pb_br_holder] -\u2013><!-- [et_pb_line_break_holder] --><strong>Email:<\/strong> <a href=\"mailto:contabilidad@redelmont.com\">contabilidad@redelmont.com<\/a><!\u2013- [et_pb_br_holder] -\u2013><!-- [et_pb_line_break_holder] --><strong>Phone:<\/strong> 961855713<!\u2013- [et_pb_br_holder] -\u2013><!-- [et_pb_line_break_holder] --><strong>Website:<\/strong> <a href=\"https:\/\/redelmont.com\/web\">https:\/\/redelmont.com\/web<\/a><!-- [et_pb_line_break_holder] --><\/pee><!-- [et_pb_line_break_holder] --><!-- [et_pb_line_break_holder] --><\/p>\n<h3>Principles Applied in Data Processing<\/h3>\n<p><!-- [et_pb_line_break_holder] --><\/p>\n<ul><!-- [et_pb_line_break_holder] --><\/p>\n<li><strong>Lawfulness, fairness, and transparency:<\/strong> The Owner will always require consent for the processing of personal data for one or more specific purposes, informing the User beforehand with complete transparency.<\/li>\n<p><!-- [et_pb_line_break_holder] --><\/p>\n<li><strong>Data minimization:<\/strong> The Owner will only request the data strictly necessary for the intended purpose.<\/li>\n<p><!-- [et_pb_line_break_holder] --><\/p>\n<li><strong>Storage limitation:<\/strong> The Owner will keep the personal data collected for the time strictly necessary for the purpose(s) of processing and will inform the User of the appropriate retention period.<\/li>\n<p><!-- [et_pb_line_break_holder] --><\/p>\n<li><strong>Integrity and confidentiality:<\/strong> Personal data will be processed in a way that ensures their security, confidentiality, and integrity. The Owner takes all necessary precautions to prevent unauthorized access or misuse of data by third parties.<\/li>\n<p><!-- [et_pb_line_break_holder] --><\/ul>\n<p><!-- [et_pb_line_break_holder] --><!-- [et_pb_line_break_holder] --><\/p>\n<h3>Collection of Personal Data<\/h3>\n<p><!-- [et_pb_line_break_holder] --><pee>You do not need to provide any personal data to browse the Website.<\/pee><!-- [et_pb_line_break_holder] --><!-- [et_pb_line_break_holder] --><\/p>\n<h3>Rights<\/h3>\n<p><!-- [et_pb_line_break_holder] --><pee>The Owner informs you that you have the right to:<\/pee><!-- [et_pb_line_break_holder] --><\/p>\n<ul><!-- [et_pb_line_break_holder] --><\/p>\n<li>Request access to stored data.<\/li>\n<p><!-- [et_pb_line_break_holder] --><\/p>\n<li>Request correction or deletion.<\/li>\n<p><!-- [et_pb_line_break_holder] --><\/p>\n<li>Request the limitation of their processing.<\/li>\n<p><!-- [et_pb_line_break_holder] --><\/p>\n<li>Object to the processing.<\/li>\n<p><!-- [et_pb_line_break_holder] --><\/ul>\n<p><!-- [et_pb_line_break_holder] --><pee>You cannot exercise the right to data portability.<\/pee><!-- [et_pb_line_break_holder] --><pee>To exercise these rights, you must send a request along with a copy of your National ID or equivalent to: <a href=\"mailto:contabilidad@redelmont.com\">contabilidad@redelmont.com<\/a><\/pee><!-- [et_pb_line_break_holder] --><pee>These rights are personal and must be exercised directly by the interested party.<\/pee><!-- [et_pb_line_break_holder] --><pee>You have the right to effective judicial protection and to file a complaint with the supervisory authority (Spanish Data Protection Agency) if you believe that the processing of your personal data violates the Regulation.<\/pee><!-- [et_pb_line_break_holder] --><!-- [et_pb_line_break_holder] --><\/p>\n<h3>Purpose of Personal Data Processing<\/h3>\n<p><!-- [et_pb_line_break_holder] --><pee>When you connect to the Website, subscribe to a newsletter, or send an email to the Owner, you are providing personal information such as your IP address, name, address, email, phone number, etc. By providing this information, you consent to its collection, use, management, and storage by <a href=\"https:\/\/www.todored.es\" target=\"_blank\">www.todored.es<\/a>, only as described in the following pages:<\/pee><!-- [et_pb_line_break_holder] --><\/p>\n<ul><!-- [et_pb_line_break_holder] --><\/p>\n<li>Legal Notice<\/li>\n<p><!-- [et_pb_line_break_holder] --><\/p>\n<li>Privacy Policy<\/li>\n<p><!-- [et_pb_line_break_holder] --><\/ul>\n<p><!-- [et_pb_line_break_holder] --><pee>The purposes of processing vary depending on the data capture system:<\/pee><!-- [et_pb_line_break_holder] --><\/p>\n<ul><!-- [et_pb_line_break_holder] --><\/p>\n<li>Ensure compliance with the conditions in the Legal Notice and applicable laws.<\/li>\n<p><!-- [et_pb_line_break_holder] --><\/p>\n<li>Improve the services offered by this Website.<\/li>\n<p><!-- [et_pb_line_break_holder] --><\/p>\n<li>Analyze user browsing via non-identifying data collected through cookies, as detailed in the Cookies Policy.<\/li>\n<p><!-- [et_pb_line_break_holder] --><\/ul>\n<p><!-- [et_pb_line_break_holder] --><!-- [et_pb_line_break_holder] --><\/p>\n<h3>Security of Personal Data<\/h3>\n<p><!-- [et_pb_line_break_holder] --><pee>The Owner takes all reasonable precautions and follows industry best practices to prevent the loss, misuse, unauthorized access, disclosure, alteration, or destruction of your personal data.<\/pee><!-- [et_pb_line_break_holder] --><pee>The Website is hosted by <a href=\"https:\/\/www.todored.es\" target=\"_blank\">www.todored.es<\/a>, which ensures data security. You can consult their privacy policy for more information.<\/pee><!-- [et_pb_line_break_holder] --><pee>Personal data will not be shared with third parties unless required by law or for service provision, in which case the Owner will request express consent.<\/pee><!-- [et_pb_line_break_holder] --><pee>In some cases, collaborations with third parties may occur, and users will be informed and their consent requested.<\/pee><!-- [et_pb_line_break_holder] --><!-- [et_pb_line_break_holder] --><\/p>\n<h3>Content from Other Websites<\/h3>\n<p><!-- [et_pb_line_break_holder] --><pee>Pages on this Website may include embedded content (e.g., videos, images, articles). Embedded content behaves in the same way as if you visited the other website directly.<\/pee><!-- [et_pb_line_break_holder] --><pee>These sites may collect data about you, use cookies, embed additional third-party tracking, and monitor your interaction with that content.<\/pee><!-- [et_pb_line_break_holder] --><!-- [et_pb_line_break_holder] --><\/p>\n<h3>Cookies Policy<\/h3>\n<p><!-- [et_pb_line_break_holder] --><pee>To function properly, this Website uses cookies stored in your browser. For more information, see the Cookies Policy page.<\/pee><!-- [et_pb_line_break_holder] --><!-- [et_pb_line_break_holder] --><\/p>\n<h3>Legal Basis for Data Processing<\/h3>\n<p><!-- [et_pb_line_break_holder] --><pee>The legal basis for processing your data is:<\/pee><!-- [et_pb_line_break_holder] --><\/p>\n<ul>\n<li>The consent of the data subject.<\/li>\n<\/ul>\n<p><!-- [et_pb_line_break_holder] --><!-- [et_pb_line_break_holder] --><\/p>\n<h3>Categories of Personal Data<\/h3>\n<p><!-- [et_pb_line_break_holder] --><pee>The categories of personal data processed are:<\/pee><!-- [et_pb_line_break_holder] --><\/p>\n<ul>\n<li>Identifying data.<\/li>\n<\/ul>\n<p><!-- [et_pb_line_break_holder] --><pee>No specially protected data categories are processed.<\/pee><!-- [et_pb_line_break_holder] --><!-- [et_pb_line_break_holder] --><\/p>\n<h3>Data Retention<\/h3>\n<p><!-- [et_pb_line_break_holder] --><pee>Personal data will be kept until the User requests deletion.<\/pee><!-- [et_pb_line_break_holder] --><!-- [et_pb_line_break_holder] --><\/p>\n<h3>Data Recipients<\/h3>\n<p><!-- [et_pb_line_break_holder] --><pee><strong>Google Analytics<\/strong> is a web analytics service provided by Google, Inc., based at 1600 Amphitheatre Parkway, Mountain View, CA 94043, USA. It uses cookies to help the Owner analyze website usage. The information generated is transmitted and stored on Google servers in the USA.<\/pee><!-- [et_pb_line_break_holder] --><pee>More information: <a href=\"https:\/\/analytics.google.com\" target=\"_blank\">https:\/\/analytics.google.com<\/a><!\u2013- [et_pb_br_holder] -\u2013><!-- [et_pb_line_break_holder] -->Privacy policy: <a href=\"https:\/\/policies.google.com\/privacy?hl=en\" target=\"_blank\">https:\/\/policies.google.com\/privacy?hl=en<\/a><\/pee><!-- [et_pb_line_break_holder] --><pee>Also see:<\/pee><!-- [et_pb_line_break_holder] --><\/p>\n<ul><!-- [et_pb_line_break_holder] --><\/p>\n<li>Types of cookies used by Google<\/li>\n<p><!-- [et_pb_line_break_holder] --><\/p>\n<li>How Google uses cookies in advertising<\/li>\n<p><!-- [et_pb_line_break_holder] --><\/ul>\n<p><!-- [et_pb_line_break_holder] --><!-- [et_pb_line_break_holder] --><\/p>\n<h3>Web Browsing<\/h3>\n<p><!-- [et_pb_line_break_holder] --><pee>When browsing the Website, non-identifying data may be collected such as IP address, location, usage logs, browsing habits, and other data that cannot be used to identify the user.<\/pee><!-- [et_pb_line_break_holder] --><pee>The Website uses third-party analysis services:<\/pee><!-- [et_pb_line_break_holder] --><\/p>\n<ul>\n<li>Google Analytics<\/li>\n<\/ul>\n<p><!-- [et_pb_line_break_holder] --><pee>The Owner uses this data for statistical purposes and to improve the user experience.<\/pee><!-- [et_pb_line_break_holder] --><pee>The Owner is not responsible for the data processing activities of websites accessed through links on this Website.<\/pee><!-- [et_pb_line_break_holder] --><!-- [et_pb_line_break_holder] --><\/p>\n<h3>Accuracy and Truthfulness of Personal Data<\/h3>\n<p><!-- [et_pb_line_break_holder] --><pee>As a User, you are solely responsible for the accuracy and correctness of the data you submit, releasing the Owner from any responsibility in this regard.<\/pee><!-- [et_pb_line_break_holder] --><!-- [et_pb_line_break_holder] --><\/p>\n<h3>Acceptance and Consent<\/h3>\n<p><!-- [et_pb_line_break_holder] --><pee>As a User of the Website, you declare that you have been informed of the conditions regarding the protection of personal data, and you accept and consent to their processing by the Owner in the manner and for the purposes stated in this Privacy Policy.<\/pee><!-- [et_pb_line_break_holder] --><pee>To contact the Owner, subscribe to a newsletter, or leave comments, you must accept this Privacy Policy.<\/pee><!-- [et_pb_line_break_holder] --><!-- [et_pb_line_break_holder] --><\/p>\n<h3>Changes to the Privacy Policy<\/h3>\n<p><!-- [et_pb_line_break_holder] --><pee>The Owner reserves the right to modify this Privacy Policy to adapt it to legislative or jurisprudential changes, as well as to industry practices.<\/pee><!-- [et_pb_line_break_holder] --><pee>This policy will remain in effect until it is replaced by another properly published version.<\/pee><!-- [et_pb_line_break_holder] -->[\/et_pb_code][\/et_pb_column][\/et_pb_row][\/et_pb_section]<\/p>\n","protected":false},"excerpt":{"rendered":"","protected":false},"author":1,"featured_media":0,"parent":0,"menu_order":0,"comment_status":"closed","ping_status":"closed","template":"","meta":{"_et_pb_use_builder":"on","_et_pb_old_content":"<!-- wp:heading -->\n<h2 class=\"wp-block-heading\">Qui\u00e9nes somos<\/h2>\n<!-- \/wp:heading -->\n<!-- wp:paragraph -->\n<p><strong class=\"privacy-policy-tutorial\">Texto sugerido: <\/strong>La direcci\u00f3n de nuestra web es: https:\/\/redelmont.com\/web.<\/p>\n<!-- \/wp:paragraph -->\n<!-- wp:heading -->\n<h2 class=\"wp-block-heading\">Comentarios<\/h2>\n<!-- \/wp:heading -->\n<!-- wp:paragraph -->\n<p><strong class=\"privacy-policy-tutorial\">Texto sugerido: <\/strong>Cuando los visitantes dejan comentarios en la web, recopilamos los datos que se muestran en el formulario de comentarios, as\u00ed como la direcci\u00f3n IP del visitante y la cadena de agentes de usuario del navegador para ayudar a la detecci\u00f3n de spam.<\/p>\n<!-- \/wp:paragraph -->\n<!-- wp:paragraph -->\n<p>Una cadena an\u00f3nima creada a partir de tu direcci\u00f3n de correo electr\u00f3nico (tambi\u00e9n llamada hash) puede ser proporcionada al servicio de Gravatar para ver si la est\u00e1s usando. La pol\u00edtica de privacidad del servicio Gravatar est\u00e1 disponible aqu\u00ed: https:\/\/automattic.com\/privacy\/. Despu\u00e9s de la aprobaci\u00f3n de tu comentario, la imagen de tu perfil es visible para el p\u00fablico en el contexto de tu comentario.<\/p>\n<!-- \/wp:paragraph -->\n<!-- wp:heading -->\n<h2 class=\"wp-block-heading\">Medios<\/h2>\n<!-- \/wp:heading -->\n<!-- wp:paragraph -->\n<p><strong class=\"privacy-policy-tutorial\">Texto sugerido: <\/strong>Si subes im\u00e1genes a la web, deber\u00edas evitar subir im\u00e1genes con datos de ubicaci\u00f3n (GPS EXIF) incluidos. Los visitantes de la web pueden descargar y extraer cualquier dato de ubicaci\u00f3n de las im\u00e1genes de la web.<\/p>\n<!-- \/wp:paragraph -->\n<!-- wp:heading -->\n<h2 class=\"wp-block-heading\">Cookies<\/h2>\n<!-- \/wp:heading -->\n<!-- wp:paragraph -->\n<p><strong class=\"privacy-policy-tutorial\">Texto sugerido: <\/strong>Si dejas un comentario en nuestro sitio puedes elegir guardar tu nombre, direcci\u00f3n de correo electr\u00f3nico y web en cookies. Esto es para tu comodidad, para que no tengas que volver a rellenar tus datos cuando dejes otro comentario. Estas cookies tendr\u00e1n una duraci\u00f3n de un a\u00f1o.<\/p>\n<!-- \/wp:paragraph -->\n<!-- wp:paragraph -->\n<p>Si tienes una cuenta y te conectas a este sitio, instalaremos una cookie temporal para determinar si tu navegador acepta cookies. Esta cookie no contiene datos personales y se elimina al cerrar el navegador.<\/p>\n<!-- \/wp:paragraph -->\n<!-- wp:paragraph -->\n<p>Cuando accedas, tambi\u00e9n instalaremos varias cookies para guardar tu informaci\u00f3n de acceso y tus opciones de visualizaci\u00f3n de pantalla. Las cookies de acceso duran dos d\u00edas, y las cookies de opciones de pantalla duran un a\u00f1o. Si seleccionas \u00abRecu\u00e9rdarme\u00bb, tu acceso perdurar\u00e1 durante dos semanas. Si sales de tu cuenta, las cookies de acceso se eliminar\u00e1n.<\/p>\n<!-- \/wp:paragraph -->\n<!-- wp:paragraph -->\n<p>Si editas o publicas un art\u00edculo se guardar\u00e1 una cookie adicional en tu navegador. Esta cookie no incluye datos personales y simplemente indica el ID del art\u00edculo que acabas de editar. Caduca despu\u00e9s de 1 d\u00eda.<\/p>\n<!-- \/wp:paragraph -->\n<!-- wp:heading -->\n<h2 class=\"wp-block-heading\">Contenido incrustado de otros sitios web<\/h2>\n<!-- \/wp:heading -->\n<!-- wp:paragraph -->\n<p><strong class=\"privacy-policy-tutorial\">Texto sugerido: <\/strong>Los art\u00edculos de este sitio pueden incluir contenido incrustado (por ejemplo, v\u00eddeos, im\u00e1genes, art\u00edculos, etc.). El contenido incrustado de otras webs se comporta exactamente de la misma manera que si el visitante hubiera visitado la otra web.<\/p>\n<!-- \/wp:paragraph -->\n<!-- wp:paragraph -->\n<p>Estas web pueden recopilar datos sobre ti, utilizar cookies, incrustar un seguimiento adicional de terceros, y supervisar tu interacci\u00f3n con ese contenido incrustado, incluido el seguimiento de tu interacci\u00f3n con el contenido incrustado si tienes una cuenta y est\u00e1s conectado a esa web.<\/p>\n<!-- \/wp:paragraph -->\n<!-- wp:heading -->\n<h2 class=\"wp-block-heading\">Con qui\u00e9n compartimos tus datos<\/h2>\n<!-- \/wp:heading -->\n<!-- wp:paragraph -->\n<p><strong class=\"privacy-policy-tutorial\">Texto sugerido: <\/strong>Si solicitas un restablecimiento de contrase\u00f1a, tu direcci\u00f3n IP ser\u00e1 incluida en el correo electr\u00f3nico de restablecimiento.<\/p>\n<!-- \/wp:paragraph -->\n<!-- wp:heading -->\n<h2 class=\"wp-block-heading\">Cu\u00e1nto tiempo conservamos tus datos<\/h2>\n<!-- \/wp:heading -->\n<!-- wp:paragraph -->\n<p><strong class=\"privacy-policy-tutorial\">Texto sugerido: <\/strong>Si dejas un comentario, el comentario y sus metadatos se conservan indefinidamente. Esto es para que podamos reconocer y aprobar comentarios sucesivos autom\u00e1ticamente, en lugar de mantenerlos en una cola de moderaci\u00f3n.<\/p>\n<!-- \/wp:paragraph -->\n<!-- wp:paragraph -->\n<p>De los usuarios que se registran en nuestra web (si los hay), tambi\u00e9n almacenamos la informaci\u00f3n personal que proporcionan en su perfil de usuario. Todos los usuarios pueden ver, editar o eliminar su informaci\u00f3n personal en cualquier momento (excepto que no pueden cambiar su nombre de usuario). Los administradores de la web tambi\u00e9n pueden ver y editar esa informaci\u00f3n.<\/p>\n<!-- \/wp:paragraph -->\n<!-- wp:heading -->\n<h2 class=\"wp-block-heading\">Qu\u00e9 derechos tienes sobre tus datos<\/h2>\n<!-- \/wp:heading -->\n<!-- wp:paragraph -->\n<p><strong class=\"privacy-policy-tutorial\">Texto sugerido: <\/strong>Si tienes una cuenta o has dejado comentarios en esta web, puedes solicitar recibir un archivo de exportaci\u00f3n de los datos personales que tenemos sobre ti, incluyendo cualquier dato que nos hayas proporcionado. Tambi\u00e9n puedes solicitar que eliminemos cualquier dato personal que tengamos sobre ti. Esto no incluye ning\u00fan dato que estemos obligados a conservar con fines administrativos, legales o de seguridad.<\/p>\n<!-- \/wp:paragraph -->\n<!-- wp:heading -->\n<h2 class=\"wp-block-heading\">D\u00f3nde se env\u00edan tus datos<\/h2>\n<!-- \/wp:heading -->\n<!-- wp:paragraph -->\n<p><strong class=\"privacy-policy-tutorial\">Texto sugerido: <\/strong>Los comentarios de los visitantes puede que los revise un servicio de detecci\u00f3n autom\u00e1tica de spam.<\/p>\n<!-- \/wp:paragraph -->\n","_et_gb_content_width":"","footnotes":""},"class_list":["post-381","page","type-page","status-publish","hentry"],"_links":{"self":[{"href":"https:\/\/redelmont.com\/web\/wp-json\/wp\/v2\/pages\/381","targetHints":{"allow":["GET"]}}],"collection":[{"href":"https:\/\/redelmont.com\/web\/wp-json\/wp\/v2\/pages"}],"about":[{"href":"https:\/\/redelmont.com\/web\/wp-json\/wp\/v2\/types\/page"}],"author":[{"embeddable":true,"href":"https:\/\/redelmont.com\/web\/wp-json\/wp\/v2\/users\/1"}],"replies":[{"embeddable":true,"href":"https:\/\/redelmont.com\/web\/wp-json\/wp\/v2\/comments?post=381"}],"version-history":[{"count":2,"href":"https:\/\/redelmont.com\/web\/wp-json\/wp\/v2\/pages\/381\/revisions"}],"predecessor-version":[{"id":386,"href":"https:\/\/redelmont.com\/web\/wp-json\/wp\/v2\/pages\/381\/revisions\/386"}],"wp:attachment":[{"href":"https:\/\/redelmont.com\/web\/wp-json\/wp\/v2\/media?parent=381"}],"curies":[{"name":"wp","href":"https:\/\/api.w.org\/{rel}","templated":true}]}}