{"id":19,"date":"2025-06-18T13:11:33","date_gmt":"2025-06-18T11:11:33","guid":{"rendered":"https:\/\/redelmont.com\/web\/?page_id=19"},"modified":"2025-06-24T18:28:01","modified_gmt":"2025-06-24T16:28:01","slug":"inicio","status":"publish","type":"page","link":"https:\/\/redelmont.com\/web\/","title":{"rendered":"Inicio"},"content":{"rendered":"\n[et_pb_section fb_built=\u00bb1&#8243; _builder_version=\u00bb4.27.4&#8243; _module_preset=\u00bbdefault\u00bb hover_enabled=\u00bb0&#8243; global_colors_info=\u00bb{}\u00bb title_text=\u00bbRedelmont-maquinaria-de-inicio\u00bb background_video_mp4=\u00bbhttps:\/\/redelmont.com\/web\/wp-content\/uploads\/2025\/06\/Redelmont-maquinaria-de-inicio.mp4&#8243; sticky_enabled=\u00bb0&#8243; custom_margin=\u00bb||192px|||\u00bb min_height=\u00bb726.8px\u00bb][et_pb_row _builder_version=\u00bb4.27.4&#8243; _module_preset=\u00bbdefault\u00bb column_structure=\u00bb1_2,1_2&#8243; hover_enabled=\u00bb0&#8243; sticky_enabled=\u00bb0&#8243;][et_pb_column _builder_version=\u00bb4.27.4&#8243; _module_preset=\u00bbdefault\u00bb type=\u00bb1_2&#8243;][et_pb_text _builder_version=\u00bb4.27.4&#8243; _module_preset=\u00bbdefault\u00bb hover_enabled=\u00bb0&#8243; sticky_enabled=\u00bb0&#8243; text_text_color=\u00bb#0C71C3&#8243; text_font_size=\u00bb21px\u00bb text_text_shadow_style=\u00bbpreset4&#8243; text_text_shadow_horizontal_length=\u00bb0.19em\u00bb text_text_shadow_vertical_length=\u00bb0.11em\u00bb text_letter_spacing=\u00bb6px\u00bb text_line_height=\u00bb2em\u00bb text_font=\u00bb|800|||||||\u00bb custom_margin=\u00bb||28px|||\u00bb]<h1><span style=\"color: #0000ff;\"><strong><\/strong><\/span><\/h1>\n<h1><span style=\"color: #0000ff;\"><strong><\/strong><\/span><\/h1>\n<h1><span style=\"color: #0000ff;\"><strong><\/strong><\/span><\/h1>\n<h1><span style=\"color: #0000ff;\"><strong><\/strong><\/span><\/h1>\n<h1><span style=\"color: #0000ff;\"><strong><\/strong><\/span><\/h1>\n<h1><span style=\"color: #0000ff;\"><strong><\/strong><\/span><\/h1>\n<h1><span style=\"color: #0000ff;\"><strong><\/strong><\/span><\/h1>\n<h1><span style=\"color: #0000ff;\"><strong>NUESTRO PRINCIPAL ACTIVO\u00a0<\/strong><strong>SON LOS CLIENTES<\/strong><\/span><\/h1>[\/et_pb_text][et_pb_text _builder_version=\u00bb4.27.4&#8243; _module_preset=\u00bbdefault\u00bb hover_enabled=\u00bb0&#8243; sticky_enabled=\u00bb0&#8243; text_text_color=\u00bb#0C71C3&#8243; text_font_size=\u00bb21px\u00bb text_text_shadow_style=\u00bbpreset4&#8243; text_text_shadow_horizontal_length=\u00bb0.19em\u00bb text_text_shadow_vertical_length=\u00bb0.11em\u00bb text_letter_spacing=\u00bb6px\u00bb text_line_height=\u00bb2em\u00bb text_font=\u00bb|800|||||||\u00bb]<h1><span style=\"color: #00ffff;\"><strong>SU \u00c9XITO Y SATISFACCI\u00d3N,<br \/>NUESTRO OBJETIVO<\/strong><\/span><\/h1>[\/et_pb_text][\/et_pb_column][et_pb_column _builder_version=\u00bb4.27.4&#8243; _module_preset=\u00bbdefault\u00bb type=\u00bb1_2&#8243;][\/et_pb_column][\/et_pb_row][\/et_pb_section][et_pb_section fb_built=\u00bb1&#8243; theme_builder_area=\u00bbpost_content\u00bb _builder_version=\u00bb4.27.4&#8243; _module_preset=\u00bbdefault\u00bb title_text=\u00bbRedelmont-maquinaria-inicio-scaled\u00bb background_image=\u00bbhttps:\/\/redelmont.com\/web\/wp-content\/uploads\/2025\/06\/Redelmont-maquinaria-inicio-scaled-1.jpg\u00bb hover_enabled=\u00bb0&#8243; sticky_enabled=\u00bb0&#8243; custom_padding=\u00bb15px|||||\u00bb min_height=\u00bb640.3px\u00bb custom_margin=\u00bb-193px|||||\u00bb][et_pb_row _builder_version=\u00bb4.27.4&#8243; _module_preset=\u00bbdefault\u00bb column_structure=\u00bb1_2,1_2&#8243; theme_builder_area=\u00bbpost_content\u00bb][et_pb_column _builder_version=\u00bb4.27.4&#8243; _module_preset=\u00bbdefault\u00bb type=\u00bb1_2&#8243; theme_builder_area=\u00bbpost_content\u00bb][et_pb_text _builder_version=\u00bb4.27.4&#8243; _module_preset=\u00bbdefault\u00bb theme_builder_area=\u00bbpost_content\u00bb text_font_size=\u00bb29px\u00bb text_letter_spacing=\u00bb13px\u00bb text_line_height=\u00bb2.1em\u00bb text_text_shadow_style=\u00bbpreset5&#8243; text_text_shadow_horizontal_length=\u00bb0.13em\u00bb hover_enabled=\u00bb0&#8243; sticky_enabled=\u00bb0&#8243;]<h1><span style=\"color: #ffffff;\"><strong><\/strong><\/span><\/h1>\n<h1><span style=\"color: #ffffff;\"><strong><\/strong><\/span><\/h1>\n<h1><span style=\"color: #ffffff;\"><strong><\/strong><\/span><\/h1>\n<h1><span style=\"color: #ffffff;\"><strong><\/strong><\/span><\/h1>\n<h1><span style=\"color: #ffffff;\"><strong><\/strong><\/span><\/h1>\n<h1><span style=\"color: #ffffff;\"><strong>PACKAGING DEVELOPMENT<\/strong><\/span><\/h1>[\/et_pb_text][et_pb_text _builder_version=\u00bb4.27.4&#8243; _module_preset=\u00bbdefault\u00bb theme_builder_area=\u00bbpost_content\u00bb text_font_size=\u00bb31px\u00bb text_line_height=\u00bb2.1em\u00bb hover_enabled=\u00bb0&#8243; sticky_enabled=\u00bb0&#8243;]<div class=\"elementor-column elementor-col-50 elementor-top-column elementor-element elementor-element-2aa4c73\" data-id=\"2aa4c73\" data-element_type=\"column\">\n<div class=\"elementor-widget-wrap elementor-element-populated\">\n<div class=\"elementor-element elementor-element-fb8ad7d elementor-widget elementor-widget-text-editor\" data-id=\"fb8ad7d\" data-element_type=\"widget\" data-widget_type=\"text-editor.default\">\n<div class=\"elementor-widget-container\">\n<h1 style=\"text-align: left;\"><span style=\"color: #0000ff;\"><strong>Soluci\u00f3n completa para la fabricaci\u00f3n de su envase<\/strong><\/span><\/h1>\n<\/div>\n<\/div>\n<\/div>\n<\/div>[\/et_pb_text][\/et_pb_column][et_pb_column _builder_version=\u00bb4.27.4&#8243; _module_preset=\u00bbdefault\u00bb type=\u00bb1_2&#8243; theme_builder_area=\u00bbpost_content\u00bb][et_pb_image src=\u00bbhttps:\/\/redelmont.com\/web\/wp-content\/uploads\/2025\/06\/mod-pagina-inicio.png\u00bb _builder_version=\u00bb4.27.4&#8243; _module_preset=\u00bbdefault\u00bb theme_builder_area=\u00bbpost_content\u00bb title_text=\u00bbmod-pagina-inicio\u00bb hover_enabled=\u00bb0&#8243; sticky_enabled=\u00bb0&#8243;][\/et_pb_image][\/et_pb_column][\/et_pb_row][\/et_pb_section]\n","protected":false},"excerpt":{"rendered":"<p>NUESTRO PRINCIPAL ACTIVO\u00a0SON LOS CLIENTESSU \u00c9XITO Y SATISFACCI\u00d3N,NUESTRO OBJETIVO PACKAGING DEVELOPMENT Soluci\u00f3n completa para la fabricaci\u00f3n de su envase<\/p>\n","protected":false},"author":1,"featured_media":0,"parent":0,"menu_order":0,"comment_status":"closed","ping_status":"closed","template":"","meta":{"_et_pb_use_builder":"on","_et_pb_old_content":"","_et_gb_content_width":"","footnotes":""},"class_list":["post-19","page","type-page","status-publish","hentry"],"_links":{"self":[{"href":"https:\/\/redelmont.com\/web\/wp-json\/wp\/v2\/pages\/19","targetHints":{"allow":["GET"]}}],"collection":[{"href":"https:\/\/redelmont.com\/web\/wp-json\/wp\/v2\/pages"}],"about":[{"href":"https:\/\/redelmont.com\/web\/wp-json\/wp\/v2\/types\/page"}],"author":[{"embeddable":true,"href":"https:\/\/redelmont.com\/web\/wp-json\/wp\/v2\/users\/1"}],"replies":[{"embeddable":true,"href":"https:\/\/redelmont.com\/web\/wp-json\/wp\/v2\/comments?post=19"}],"version-history":[{"count":9,"href":"https:\/\/redelmont.com\/web\/wp-json\/wp\/v2\/pages\/19\/revisions"}],"predecessor-version":[{"id":274,"href":"https:\/\/redelmont.com\/web\/wp-json\/wp\/v2\/pages\/19\/revisions\/274"}],"wp:attachment":[{"href":"https:\/\/redelmont.com\/web\/wp-json\/wp\/v2\/media?parent=19"}],"curies":[{"name":"wp","href":"https:\/\/api.w.org\/{rel}","templated":true}]}}