{"id":184,"date":"2025-06-24T10:57:32","date_gmt":"2025-06-24T08:57:32","guid":{"rendered":"https:\/\/redelmont.com\/web\/?page_id=184"},"modified":"2025-06-25T17:10:47","modified_gmt":"2025-06-25T15:10:47","slug":"calidad","status":"publish","type":"page","link":"https:\/\/redelmont.com\/web\/calidad\/","title":{"rendered":"Calidad"},"content":{"rendered":"<p>[et_pb_section fb_built=\u00bb1&#8243; _builder_version=\u00bb4.27.4&#8243; _module_preset=\u00bbdefault\u00bb background_image=\u00bbhttps:\/\/redelmont.com\/web\/wp-content\/uploads\/2025\/06\/Calidad-prueba-scaled.png\u00bb global_colors_info=\u00bb{}\u00bb][et_pb_row _builder_version=\u00bb4.27.4&#8243; _module_preset=\u00bbdefault\u00bb min_height=\u00bb272.9px\u00bb global_colors_info=\u00bb{}\u00bb][et_pb_column type=\u00bb4_4&#8243; _builder_version=\u00bb4.27.4&#8243; _module_preset=\u00bbdefault\u00bb background_enable_image=\u00bboff\u00bb global_colors_info=\u00bb{}\u00bb][et_pb_text _builder_version=\u00bb4.27.4&#8243; _module_preset=\u00bbdefault\u00bb min_height=\u00bb221px\u00bb custom_padding=\u00bb0px|||||\u00bb global_colors_info=\u00bb{}\u00bb]<\/p>\n<h1 style=\"text-align: center;\"><span style=\"color: #547bbb;\"><strong>Calidad<\/strong><\/span><\/h1>\n<p>[\/et_pb_text][\/et_pb_column][\/et_pb_row][\/et_pb_section][et_pb_section fb_built=\u00bb1&#8243; _builder_version=\u00bb4.27.4&#8243; _module_preset=\u00bbdefault\u00bb global_colors_info=\u00bb{}\u00bb][et_pb_row column_structure=\u00bb1_3,1_3,1_3&#8243; _builder_version=\u00bb4.27.4&#8243; _module_preset=\u00bbdefault\u00bb background_image=\u00bbhttps:\/\/redelmont.com\/web\/wp-content\/uploads\/2025\/06\/Redelmont-certification-marca-agua-scaled.png\u00bb global_colors_info=\u00bb{}\u00bb][et_pb_column type=\u00bb1_3&#8243; _builder_version=\u00bb4.27.4&#8243; _module_preset=\u00bbdefault\u00bb global_colors_info=\u00bb{}\u00bb][et_pb_text _builder_version=\u00bb4.27.4&#8243; _module_preset=\u00bbdefault\u00bb background_enable_image=\u00bboff\u00bb global_colors_info=\u00bb{}\u00bb]<\/p>\n<p><strong>Desde abril del a\u00f1o 2016, Industrias Motegui S.L., contin\u00faa con la actividad a la que Pl\u00e1sticas Redelmont se ha dedicado desde su fundaci\u00f3n en 1968, impresi\u00f3n flexogr\u00e1fica en todo tipo de embalajes flexibles tanto en el sector de la alimentaci\u00f3n como en el industrial.<\/strong><\/p>\n<p><strong>En nuestro compromiso de mejora continua ofrecemos a nuestros clientes productos de la mayor calidad y seguridad alimentaria.<\/strong><\/p>\n<p><strong>Velamos porque todos los productos que salen de nuestra l\u00ednea de producci\u00f3n cumplan los est\u00e1ndares de calidad que marca la legislaci\u00f3n, normativas y la propia empresa.<\/strong><\/p>\n<p><strong>Controlamos la trazabilidad completa en todos nuestros productos y servicios.<\/strong><\/p>\n<p><strong>Estamos asociados con\u00a0Centros Tecnol\u00f3gicos\u00a0que nos proporcionan\u00a0an\u00e1lisis\u00a0de migraci\u00f3n de nuestros envases\u00a0y formaci\u00f3n continua para estar al d\u00eda en materia tecnol\u00f3gica.<\/strong><\/p>\n<p>[\/et_pb_text][et_pb_image src=\u00bbhttps:\/\/redelmont.com\/web\/wp-content\/uploads\/2025\/06\/Redelmont-Aimplas.png\u00bb title_text=\u00bbRedelmont-Aimplas\u00bb align=\u00bbcenter\u00bb _builder_version=\u00bb4.27.4&#8243; _module_preset=\u00bbdefault\u00bb global_colors_info=\u00bb{}\u00bb][\/et_pb_image][\/et_pb_column][et_pb_column type=\u00bb1_3&#8243; _builder_version=\u00bb4.27.4&#8243; _module_preset=\u00bbdefault\u00bb global_colors_info=\u00bb{}\u00bb][et_pb_image src=\u00bbhttps:\/\/redelmont.com\/web\/wp-content\/uploads\/2025\/06\/BRCGS_CERT_PACKAGING_LOGO_RGB-e1643826162154.png\u00bb title_text=\u00bbBRCGS_CERT_PACKAGING_LOGO_RGB-e1643826162154&#8243; align=\u00bbcenter\u00bb _builder_version=\u00bb4.27.4&#8243; _module_preset=\u00bbdefault\u00bb global_colors_info=\u00bb{}\u00bb][\/et_pb_image][et_pb_image src=\u00bbhttps:\/\/redelmont.com\/web\/wp-content\/uploads\/2025\/06\/Redelmont-ISO-9001-100&#215;100-1.jpg\u00bb title_text=\u00bbRedelmont-ISO-9001-100&#215;100&#8243; align=\u00bbcenter\u00bb _builder_version=\u00bb4.27.4&#8243; _module_preset=\u00bbdefault\u00bb global_colors_info=\u00bb{}\u00bb][\/et_pb_image][et_pb_image src=\u00bbhttps:\/\/redelmont.com\/web\/wp-content\/uploads\/2025\/06\/Redelmont-ISO-14001.png\u00bb title_text=\u00bbRedelmont-ISO-14001&#8243; align=\u00bbcenter\u00bb _builder_version=\u00bb4.27.4&#8243; _module_preset=\u00bbdefault\u00bb global_colors_info=\u00bb{}\u00bb][\/et_pb_image][et_pb_image src=\u00bbhttps:\/\/redelmont.com\/web\/wp-content\/uploads\/2025\/06\/mod-31-120&#215;100-1.png\u00bb title_text=\u00bbmod-31-120&#215;100&#8243; align=\u00bbcenter\u00bb _builder_version=\u00bb4.27.4&#8243; _module_preset=\u00bbdefault\u00bb global_colors_info=\u00bb{}\u00bb][\/et_pb_image][\/et_pb_column][et_pb_column type=\u00bb1_3&#8243; _builder_version=\u00bb4.27.4&#8243; _module_preset=\u00bbdefault\u00bb global_colors_info=\u00bb{}\u00bb][et_pb_text _builder_version=\u00bb4.27.4&#8243; _module_preset=\u00bbdefault\u00bb global_colors_info=\u00bb{}\u00bb]<\/p>\n<p><strong>Todos nuestros productos cumplen con toda la normativa BRC vigente en seguridad alimentaria para pl\u00e1sticos en contacto con alimentos.<\/strong><\/p>\n<p>[\/et_pb_text][et_pb_text _builder_version=\u00bb4.27.4&#8243; _module_preset=\u00bbdefault\u00bb global_colors_info=\u00bb{}\u00bb]<\/p>\n<p><strong>Industrias Motegui est\u00e1 certificada en base a la norma de sistema de gesti\u00f3n de la calidad ISO 9001<\/strong><\/p>\n<p>[\/et_pb_text][et_pb_text _builder_version=\u00bb4.27.4&#8243; _module_preset=\u00bbdefault\u00bb global_colors_info=\u00bb{}\u00bb]<\/p>\n<p><strong>Tambi\u00e9n posee la certificaci\u00f3n en base a la norma de sistema de gesti\u00f3n medioambiental ISO 14001<\/strong><\/p>\n<p>[\/et_pb_text][et_pb_text _builder_version=\u00bb4.27.4&#8243; _module_preset=\u00bbdefault\u00bb global_colors_info=\u00bb{}\u00bb]<\/p>\n<p><strong>Certificaci\u00f3n ISCC, (International Sustainability Carbon Certification), esta certificaci\u00f3n\u00a0 pretende garantizar una producci\u00f3n sostenible de biomasa y biocombustibles en todas sus etapas, desde la plantaci\u00f3n a la comercializaci\u00f3n, teniendo como principales metas la reducci\u00f3n de emisiones de gases efecto invernadero.<\/strong><\/p>\n<p>[\/et_pb_text][et_pb_button button_text=\u00bbDescarga de documentos\u00bb _builder_version=\u00bb4.27.4&#8243; _module_preset=\u00bbdefault\u00bb hover_enabled=\u00bb0&#8243; global_colors_info=\u00bb{}\u00bb button_url=\u00bbhttps:\/\/redelmont.com\/web\/descarga-de-documentos\/\u00bb sticky_enabled=\u00bb0&#8243;][\/et_pb_button][\/et_pb_column][\/et_pb_row][\/et_pb_section]<\/p>\n","protected":false},"excerpt":{"rendered":"<p>CalidadDesde abril del a\u00f1o 2016, Industrias Motegui S.L., contin\u00faa con la actividad a la que Pl\u00e1sticas Redelmont se ha dedicado desde su fundaci\u00f3n en 1968, impresi\u00f3n flexogr\u00e1fica en todo tipo de embalajes flexibles tanto en el sector de la alimentaci\u00f3n como en el industrial. En nuestro compromiso de mejora continua ofrecemos a nuestros clientes productos [&hellip;]<\/p>\n","protected":false},"author":1,"featured_media":0,"parent":0,"menu_order":0,"comment_status":"closed","ping_status":"closed","template":"","meta":{"_et_pb_use_builder":"on","_et_pb_old_content":"","_et_gb_content_width":"","footnotes":""},"class_list":["post-184","page","type-page","status-publish","hentry"],"_links":{"self":[{"href":"https:\/\/redelmont.com\/web\/wp-json\/wp\/v2\/pages\/184","targetHints":{"allow":["GET"]}}],"collection":[{"href":"https:\/\/redelmont.com\/web\/wp-json\/wp\/v2\/pages"}],"about":[{"href":"https:\/\/redelmont.com\/web\/wp-json\/wp\/v2\/types\/page"}],"author":[{"embeddable":true,"href":"https:\/\/redelmont.com\/web\/wp-json\/wp\/v2\/users\/1"}],"replies":[{"embeddable":true,"href":"https:\/\/redelmont.com\/web\/wp-json\/wp\/v2\/comments?post=184"}],"version-history":[{"count":7,"href":"https:\/\/redelmont.com\/web\/wp-json\/wp\/v2\/pages\/184\/revisions"}],"predecessor-version":[{"id":397,"href":"https:\/\/redelmont.com\/web\/wp-json\/wp\/v2\/pages\/184\/revisions\/397"}],"wp:attachment":[{"href":"https:\/\/redelmont.com\/web\/wp-json\/wp\/v2\/media?parent=184"}],"curies":[{"name":"wp","href":"https:\/\/api.w.org\/{rel}","templated":true}]}}